{"id":5227,"date":"2021-08-15T11:07:39","date_gmt":"2021-08-15T11:07:39","guid":{"rendered":"https:\/\/zohreana.com\/turbeler\/?page_id=5227"},"modified":"2021-08-16T13:54:02","modified_gmt":"2021-08-16T13:54:02","slug":"favorites","status":"publish","type":"page","link":"https:\/\/zohreana.com\/turbeler\/favorites\/","title":{"rendered":"Favorilerim"},"content":{"rendered":"","protected":false},"excerpt":{"rendered":"","protected":false},"author":1,"featured_media":0,"parent":0,"menu_order":0,"comment_status":"closed","ping_status":"closed","template":"page-favorite-turbe.php","meta":{"footnotes":""},"class_list":["post-5227","page","type-page","status-publish","hentry"],"yoast_head":"<!-- This site is optimized with the Yoast SEO Premium plugin v25.6 (Yoast SEO v27.5) - https:\/\/yoast.com\/product\/yoast-seo-premium-wordpress\/ -->\n<title>Favorilerim<\/title>\n<meta name=\"robots\" content=\"noindex, follow\" \/>\n<meta property=\"og:locale\" content=\"tr_TR\" \/>\n<meta property=\"og:type\" content=\"article\" \/>\n<meta property=\"og:title\" content=\"Favorilerim\" \/>\n<meta property=\"og:url\" content=\"https:\/\/zohreana.com\/turbeler\/favorites\/\" \/>\n<meta property=\"article:publisher\" content=\"https:\/\/www.facebook.com\/zohreana\" \/>\n<meta property=\"article:modified_time\" content=\"2021-08-16T13:54:02+00:00\" \/>\n<meta property=\"og:image\" content=\"https:\/\/zohreana.com\/turbeler\/wp-content\/uploads\/2025\/09\/pir-zohre-ana-turbesi-66.webp\" \/>\n\t<meta property=\"og:image:width\" content=\"1200\" \/>\n\t<meta property=\"og:image:height\" content=\"630\" \/>\n\t<meta property=\"og:image:type\" content=\"image\/webp\" \/>\n<meta name=\"twitter:card\" content=\"summary_large_image\" \/>\n<meta name=\"twitter:site\" content=\"@zohreana\" \/>\n<script type=\"application\/ld+json\" class=\"yoast-schema-graph\">{\"@context\":\"https:\\\/\\\/schema.org\",\"@graph\":[{\"@type\":\"WebPage\",\"@id\":\"https:\\\/\\\/zohreana.com\\\/turbeler\\\/favorites\\\/\",\"url\":\"https:\\\/\\\/zohreana.com\\\/turbeler\\\/favorites\\\/\",\"name\":\"Favorilerim\",\"isPartOf\":{\"@id\":\"https:\\\/\\\/zohreana.com\\\/turbeler\\\/#website\"},\"datePublished\":\"2021-08-15T11:07:39+00:00\",\"dateModified\":\"2021-08-16T13:54:02+00:00\",\"breadcrumb\":{\"@id\":\"https:\\\/\\\/zohreana.com\\\/turbeler\\\/favorites\\\/#breadcrumb\"},\"inLanguage\":\"tr\",\"potentialAction\":[{\"@type\":\"ReadAction\",\"target\":[\"https:\\\/\\\/zohreana.com\\\/turbeler\\\/favorites\\\/\"]}]},{\"@type\":\"BreadcrumbList\",\"@id\":\"https:\\\/\\\/zohreana.com\\\/turbeler\\\/favorites\\\/#breadcrumb\",\"itemListElement\":[{\"@type\":\"ListItem\",\"position\":1,\"name\":\"Ana sayfa\",\"item\":\"https:\\\/\\\/zohreana.com\\\/turbeler\\\/\"},{\"@type\":\"ListItem\",\"position\":2,\"name\":\"Favorilerim\"}]},{\"@type\":\"WebSite\",\"@id\":\"https:\\\/\\\/zohreana.com\\\/turbeler\\\/#website\",\"url\":\"https:\\\/\\\/zohreana.com\\\/turbeler\\\/\",\"name\":\"Pir Z\u00f6hre Ana T\u00fcrbeler\",\"description\":\"\",\"publisher\":{\"@id\":\"https:\\\/\\\/zohreana.com\\\/turbeler\\\/#organization\"},\"alternateName\":\"Pir Z\u00f6hre Ana T\u00fcrbeler\",\"potentialAction\":[{\"@type\":\"SearchAction\",\"target\":{\"@type\":\"EntryPoint\",\"urlTemplate\":\"https:\\\/\\\/zohreana.com\\\/turbeler\\\/?s={search_term_string}\"},\"query-input\":{\"@type\":\"PropertyValueSpecification\",\"valueRequired\":true,\"valueName\":\"search_term_string\"}}],\"inLanguage\":\"tr\"},{\"@type\":\"Organization\",\"@id\":\"https:\\\/\\\/zohreana.com\\\/turbeler\\\/#organization\",\"name\":\"Pir Z\u00f6hre Ana Cemevi\",\"alternateName\":\"Pir Z\u00f6hre Ana T\u00fcrbeler\",\"url\":\"https:\\\/\\\/zohreana.com\\\/turbeler\\\/\",\"logo\":{\"@type\":\"ImageObject\",\"inLanguage\":\"tr\",\"@id\":\"https:\\\/\\\/zohreana.com\\\/turbeler\\\/#\\\/schema\\\/logo\\\/image\\\/\",\"url\":\"https:\\\/\\\/zohreana.com\\\/turbeler\\\/wp-content\\\/uploads\\\/2025\\\/09\\\/za-logo.png.webp\",\"contentUrl\":\"https:\\\/\\\/zohreana.com\\\/turbeler\\\/wp-content\\\/uploads\\\/2025\\\/09\\\/za-logo.png.webp\",\"width\":273,\"height\":91,\"caption\":\"Pir Z\u00f6hre Ana Cemevi\"},\"image\":{\"@id\":\"https:\\\/\\\/zohreana.com\\\/turbeler\\\/#\\\/schema\\\/logo\\\/image\\\/\"},\"sameAs\":[\"https:\\\/\\\/www.facebook.com\\\/zohreana\",\"https:\\\/\\\/x.com\\\/zohreana\",\"https:\\\/\\\/www.instagram.com\\\/zohreana\"],\"description\":\"Pir Z\u00f6hre Ana T\u00fcrbeler sayfas\u0131 ile T\u00fcrkiye'de ve D\u00fcnya'da yer alan t\u00fcrbelerimizin ya\u015famlar\u0131n\u0131 ve konumlar\u0131n\u0131 sizlere ula\u015ft\u0131rmak istiyoruz.\",\"email\":\"zohreana@zohreana.com\",\"telephone\":\"03123696373\",\"legalName\":\"Pir Z\u00f6hre Ana\",\"foundingDate\":\"1997-03-15\",\"numberOfEmployees\":{\"@type\":\"QuantitativeValue\",\"minValue\":\"51\",\"maxValue\":\"200\"}}]}<\/script>\n<!-- \/ Yoast SEO Premium plugin. -->","yoast_head_json":{"title":"Favorilerim","robots":{"index":"noindex","follow":"follow"},"og_locale":"tr_TR","og_type":"article","og_title":"Favorilerim","og_url":"https:\/\/zohreana.com\/turbeler\/favorites\/","article_publisher":"https:\/\/www.facebook.com\/zohreana","article_modified_time":"2021-08-16T13:54:02+00:00","og_image":[{"width":1200,"height":630,"url":"https:\/\/zohreana.com\/turbeler\/wp-content\/uploads\/2025\/09\/pir-zohre-ana-turbesi-66.webp","type":"image\/webp"}],"twitter_card":"summary_large_image","twitter_site":"@zohreana","schema":{"@context":"https:\/\/schema.org","@graph":[{"@type":"WebPage","@id":"https:\/\/zohreana.com\/turbeler\/favorites\/","url":"https:\/\/zohreana.com\/turbeler\/favorites\/","name":"Favorilerim","isPartOf":{"@id":"https:\/\/zohreana.com\/turbeler\/#website"},"datePublished":"2021-08-15T11:07:39+00:00","dateModified":"2021-08-16T13:54:02+00:00","breadcrumb":{"@id":"https:\/\/zohreana.com\/turbeler\/favorites\/#breadcrumb"},"inLanguage":"tr","potentialAction":[{"@type":"ReadAction","target":["https:\/\/zohreana.com\/turbeler\/favorites\/"]}]},{"@type":"BreadcrumbList","@id":"https:\/\/zohreana.com\/turbeler\/favorites\/#breadcrumb","itemListElement":[{"@type":"ListItem","position":1,"name":"Ana sayfa","item":"https:\/\/zohreana.com\/turbeler\/"},{"@type":"ListItem","position":2,"name":"Favorilerim"}]},{"@type":"WebSite","@id":"https:\/\/zohreana.com\/turbeler\/#website","url":"https:\/\/zohreana.com\/turbeler\/","name":"Pir Z\u00f6hre Ana T\u00fcrbeler","description":"","publisher":{"@id":"https:\/\/zohreana.com\/turbeler\/#organization"},"alternateName":"Pir Z\u00f6hre Ana T\u00fcrbeler","potentialAction":[{"@type":"SearchAction","target":{"@type":"EntryPoint","urlTemplate":"https:\/\/zohreana.com\/turbeler\/?s={search_term_string}"},"query-input":{"@type":"PropertyValueSpecification","valueRequired":true,"valueName":"search_term_string"}}],"inLanguage":"tr"},{"@type":"Organization","@id":"https:\/\/zohreana.com\/turbeler\/#organization","name":"Pir Z\u00f6hre Ana Cemevi","alternateName":"Pir Z\u00f6hre Ana T\u00fcrbeler","url":"https:\/\/zohreana.com\/turbeler\/","logo":{"@type":"ImageObject","inLanguage":"tr","@id":"https:\/\/zohreana.com\/turbeler\/#\/schema\/logo\/image\/","url":"https:\/\/zohreana.com\/turbeler\/wp-content\/uploads\/2025\/09\/za-logo.png.webp","contentUrl":"https:\/\/zohreana.com\/turbeler\/wp-content\/uploads\/2025\/09\/za-logo.png.webp","width":273,"height":91,"caption":"Pir Z\u00f6hre Ana Cemevi"},"image":{"@id":"https:\/\/zohreana.com\/turbeler\/#\/schema\/logo\/image\/"},"sameAs":["https:\/\/www.facebook.com\/zohreana","https:\/\/x.com\/zohreana","https:\/\/www.instagram.com\/zohreana"],"description":"Pir Z\u00f6hre Ana T\u00fcrbeler sayfas\u0131 ile T\u00fcrkiye'de ve D\u00fcnya'da yer alan t\u00fcrbelerimizin ya\u015famlar\u0131n\u0131 ve konumlar\u0131n\u0131 sizlere ula\u015ft\u0131rmak istiyoruz.","email":"zohreana@zohreana.com","telephone":"03123696373","legalName":"Pir Z\u00f6hre Ana","foundingDate":"1997-03-15","numberOfEmployees":{"@type":"QuantitativeValue","minValue":"51","maxValue":"200"}}]}},"_links":{"self":[{"href":"https:\/\/zohreana.com\/turbeler\/wp-json\/wp\/v2\/pages\/5227","targetHints":{"allow":["GET"]}}],"collection":[{"href":"https:\/\/zohreana.com\/turbeler\/wp-json\/wp\/v2\/pages"}],"about":[{"href":"https:\/\/zohreana.com\/turbeler\/wp-json\/wp\/v2\/types\/page"}],"author":[{"embeddable":true,"href":"https:\/\/zohreana.com\/turbeler\/wp-json\/wp\/v2\/users\/1"}],"replies":[{"embeddable":true,"href":"https:\/\/zohreana.com\/turbeler\/wp-json\/wp\/v2\/comments?post=5227"}],"version-history":[{"count":0,"href":"https:\/\/zohreana.com\/turbeler\/wp-json\/wp\/v2\/pages\/5227\/revisions"}],"wp:attachment":[{"href":"https:\/\/zohreana.com\/turbeler\/wp-json\/wp\/v2\/media?parent=5227"}],"curies":[{"name":"wp","href":"https:\/\/api.w.org\/{rel}","templated":true}]}}