{"id":5447,"date":"2021-08-20T11:51:45","date_gmt":"2021-08-20T11:51:45","guid":{"rendered":"https:\/\/zohreana.com\/turbeler\/?page_id=5447"},"modified":"2025-09-03T21:36:32","modified_gmt":"2025-09-03T21:36:32","slug":"turbe-nedir-turbe-ne-demek","status":"publish","type":"page","link":"https:\/\/zohreana.com\/turbeler\/turbe-nedir-turbe-ne-demek\/","title":{"rendered":"T\u00fcrbe nedir, T\u00fcrbe ne demek?"},"content":{"rendered":"<p><strong>\u00d6ncelikle t\u00fcrbe nedir, t\u00fcrbe ne demek, t\u00fcrbe neden \u00f6nemlidir ve t\u00fcrbe ziyareti nas\u0131l yap\u0131l\u0131r bunun cevab\u0131n\u0131 verece\u011fiz.<\/strong><\/p>\n<p>T\u00fcrbe i\u00e7inde yatan evliya ya\u015fad\u0131\u011f\u0131 d\u00f6nemde, Pir<strong>\u00a0Z\u00f6hre Ana\u2019n\u0131n<\/strong>\u00a0a\u015fa\u011f\u0131da belirtti\u011fi gibi ;<\/p>\n<p><strong>\u201c<\/strong>Hak\u00a0taraf\u0131ndan b\u00fct\u00fcn insanl\u0131\u011fa g\u00f6nderilen din, dil, \u0131rk ve mezhep g\u00f6zetmeden, ayr\u0131m yapmadan, hi\u00e7bir \u00e7\u0131kar g\u00f6zetmeden, sadece Allah a\u015fk\u0131n\u0131, sevgisini ortaya getirerek, \u00a0b\u00fct\u00fcn\u00a0 insanl\u0131k ad\u0131na\u00a0 \u0131\u015f\u0131k tutup Peygamberlik me\u015falesi alt\u0131nda toplay\u0131p, onlara yol g\u00f6steren, \u00f6nc\u00fcl\u00fck yapan, \u00a0Allah\u2019\u0131n varl\u0131\u011f\u0131n\u0131 ve birli\u011fini bildirip, do\u011fruyu ve g\u00fczeli g\u00f6sterip insanlar\u0131 k\u00f6t\u00fcl\u00fcklerden uzak tutup koruyan rehberlerdir.<\/p>\n<p>Bu ger\u00e7ekler sesleri, \u0131\u015f\u0131klar\u0131, nefesleri, g\u00f6sterdikleri kerametleri ve insanl\u0131\u011fa yayd\u0131klar\u0131 sevgileri ile t\u00fcm d\u00fcnyaya kendilerini tan\u0131tm\u0131\u015flard\u0131r.<\/p>\n<p>Bu ger\u00e7ekler hi\u00e7bir zaman \u00f6lmemi\u015f yaln\u0131zca don (beden) de\u011fi\u015ftirmi\u015flerdir. Evliyalar Allah\u2019\u0131n yery\u00fcz\u00fcndeki vekilleri, insanl\u0131\u011fa g\u00f6nderdi\u011fi el\u00e7ileridir.<\/p>\n<p>Hz. Ali\u2019nin bin bir s\u0131fat\u0131ndan biri olarak kendilerini geldikleri d\u00f6nemdeki insanlara seslerini, nefeslerini ve \u0131\u015f\u0131\u011f\u0131n\u0131 g\u00f6sterip onlara rehberlik etmi\u015flerdir.<\/p>\n<p>Evliyalar bir \u00f6l\u00fcr bin do\u011farlar. \u00d6len yaln\u0131zca bedenleridir. Ruh \u00f6lmez bir bedenden di\u011ferine ge\u00e7er.<\/p>\n<p>B\u00fct\u00fcn Evliyalar\u0131n ilmi Hz. Ali\u2019den gelir. \u00d6\u011fretmenleri bat\u0131nda Hz. Ali\u2019dir.<\/p>\n<p><strong>\u201cHz. Ali\u2019nin sesi ve nefesi ile ses vermeyen bir ki\u015fi ben evliyay\u0131m diyemez. \u201d<\/strong><\/p>\n<p><strong>(Z\u00f6hre Ana, Ali Pirimdir Yolu Bizimdir; Sayfa:64 )\u201d<\/strong><\/p>\n<p>Ayn\u0131 zaman diliminde ya\u015fam\u0131\u015f \u00a0veya ya\u015fan\u0131lan d\u00f6nemden \u00f6nce d\u00fcnyada olup bu \u0131\u015f\u0131klar\u0131 sa\u00e7m\u0131\u015f bir evliyaya\u00a0 yap\u0131lacak ziyaret\u00a0 \u00f6nemlidir.<\/p>\n<h2><strong>T\u00fcrbe ziyareti nas\u0131l yap\u0131l\u0131r?<\/strong><\/h2>\n<p>T\u00fcrbe ziyaretine gidilece\u011fi zaman boy abdestleri ve normal abdest al\u0131narak\u00a0 dilekler tutulur, g\u00f6zya\u015flar\u0131 i\u00e7inde ,sayg\u0131 ve inan\u00e7la ziyaret yap\u0131l\u0131r. T\u00fcrbeler Bat\u0131n\u2019daki pirlerin zahirdeki mekanlar\u0131d\u0131r ancak\u00a0 ruh \u00f6lmeyece\u011fi i\u00e7in evliyalar hem zahirde hem bat\u0131nda ya\u015farlar.<\/p>\n<p>Gidilen t\u00fcrbe kapal\u0131 bir t\u00fcrbeyse ayakkab\u0131lar \u00e7\u0131kart\u0131l\u0131p, e\u015fi\u011fe niyaz verilir.<\/p>\n<h2><strong>T\u00fcrbede mum yakmak g\u00fcnah m\u0131?<\/strong><\/h2>\n<p><strong>Pir Z\u00f6hre Ana<\/strong>, t\u00fcrbelerde mum yakmayla ilgili \u015f\u00f6yle demi\u015ftir;<\/p>\n<p><strong>\u201cHz. Ali, \u015fehit edildikten sonra cenazesini g\u00f6t\u00fcren Arap, bir mezar ta\u015f\u0131 dikerek \u00fczerine \u015fu yaz\u0131y\u0131 yazd\u0131rd\u0131: Siz, Hz. Ali\u2019yi hi\u00e7bir yerde aramay\u0131n. Hz. Ali\u2019yi Hz. Hasan\u2019\u0131n yan\u0131na defnettim. K\u00fc\u00e7\u00fck \u0130mam Hasan\u2019\u0131 da hi\u00e7 aramay\u0131n onun makam\u0131 belirsizdir. Yaln\u0131z Hz. Ali\u2019nin sizden bir iste\u011fi var. Per\u015fembe g\u00fcnleri H\u0131z\u0131r gecesidir, her Per\u015fembe Hz. Ali\u2019nin t\u00fcrbesine mum yakacaks\u0131n\u0131z. Bunun sebebi: Allah\u2019\u0131n M\u00fcr\u015fidi, Aslan\u2019\u0131 oldu\u011fundan dolay\u0131 iki cihanda \u0131\u015f\u0131\u011f\u0131 kararmam\u0131\u015ft\u0131r.<\/strong><\/p>\n<p><strong>T\u00fcrbelerde mum yakman\u0131n sebebi bundand\u0131r. Mum yakman\u0131n g\u00fcnah\u0131 yoktur. Hac\u0131 hoca kesimi olan insanlar, kendi hurafelerince g\u00fcnah diyerek yasaklam\u0131\u015flard\u0131r. Oysa mum yakmak g\u00fcnah olman\u0131n aksine HAK kat\u0131nda \u00e7ok sevapt\u0131r\u201d.<\/strong><\/p>\n<p>&nbsp;<\/p>\n","protected":false},"excerpt":{"rendered":"<p>\u00d6ncelikle t\u00fcrbe nedir, t\u00fcrbe ne demek, t\u00fcrbe neden \u00f6nemlidir ve t\u00fcrbe ziyareti nas\u0131l yap\u0131l\u0131r bunun cevab\u0131n\u0131 verece\u011fiz. T\u00fcrbe i\u00e7inde yatan evliya ya\u015fad\u0131\u011f\u0131 d\u00f6nemde, Pir\u00a0Z\u00f6hre Ana\u2019n\u0131n\u00a0a\u015fa\u011f\u0131da belirtti\u011fi gibi ; \u201cHak\u00a0taraf\u0131ndan b\u00fct\u00fcn insanl\u0131\u011fa g\u00f6nderilen din, dil, \u0131rk ve mezhep g\u00f6zetmeden, ayr\u0131m yapmadan, hi\u00e7bir \u00e7\u0131kar g\u00f6zetmeden, sadece Allah a\u015fk\u0131n\u0131, sevgisini ortaya getirerek, \u00a0b\u00fct\u00fcn\u00a0 insanl\u0131k ad\u0131na\u00a0 \u0131\u015f\u0131k tutup Peygamberlik [&hellip;]<\/p>\n","protected":false},"author":1,"featured_media":0,"parent":0,"menu_order":0,"comment_status":"closed","ping_status":"closed","template":"","meta":{"footnotes":""},"class_list":["post-5447","page","type-page","status-publish","hentry"],"yoast_head":"<!-- This site is optimized with the Yoast SEO Premium plugin v25.6 (Yoast SEO v27.5) - https:\/\/yoast.com\/product\/yoast-seo-premium-wordpress\/ -->\n<title>T\u00fcrbe nedir, T\u00fcrbe ne demek?<\/title>\n<meta name=\"robots\" content=\"noindex, follow\" \/>\n<meta property=\"og:locale\" content=\"tr_TR\" \/>\n<meta property=\"og:type\" content=\"article\" \/>\n<meta property=\"og:title\" content=\"T\u00fcrbe nedir, T\u00fcrbe ne demek?\" \/>\n<meta property=\"og:description\" content=\"\u00d6ncelikle t\u00fcrbe nedir, t\u00fcrbe ne demek, t\u00fcrbe neden \u00f6nemlidir ve t\u00fcrbe ziyareti nas\u0131l yap\u0131l\u0131r bunun cevab\u0131n\u0131 verece\u011fiz. T\u00fcrbe i\u00e7inde yatan evliya ya\u015fad\u0131\u011f\u0131\" \/>\n<meta property=\"og:url\" content=\"https:\/\/zohreana.com\/turbeler\/turbe-nedir-turbe-ne-demek\/\" \/>\n<meta property=\"article:publisher\" content=\"https:\/\/www.facebook.com\/zohreana\" \/>\n<meta property=\"article:modified_time\" content=\"2025-09-03T21:36:32+00:00\" \/>\n<meta property=\"og:image\" content=\"https:\/\/zohreana.com\/turbeler\/wp-content\/uploads\/2025\/09\/pir-zohre-ana-turbesi-66.webp\" \/>\n\t<meta property=\"og:image:width\" content=\"1200\" \/>\n\t<meta property=\"og:image:height\" content=\"630\" \/>\n\t<meta property=\"og:image:type\" content=\"image\/webp\" \/>\n<meta name=\"twitter:card\" content=\"summary_large_image\" \/>\n<meta name=\"twitter:site\" content=\"@zohreana\" \/>\n<meta name=\"twitter:label1\" content=\"Tahmini okuma s\u00fcresi\" \/>\n\t<meta name=\"twitter:data1\" content=\"2 dakika\" \/>\n<script type=\"application\/ld+json\" class=\"yoast-schema-graph\">{\"@context\":\"https:\\\/\\\/schema.org\",\"@graph\":[{\"@type\":\"WebPage\",\"@id\":\"https:\\\/\\\/zohreana.com\\\/turbeler\\\/turbe-nedir-turbe-ne-demek\\\/\",\"url\":\"https:\\\/\\\/zohreana.com\\\/turbeler\\\/turbe-nedir-turbe-ne-demek\\\/\",\"name\":\"T\u00fcrbe nedir, T\u00fcrbe ne demek?\",\"isPartOf\":{\"@id\":\"https:\\\/\\\/zohreana.com\\\/turbeler\\\/#website\"},\"datePublished\":\"2021-08-20T11:51:45+00:00\",\"dateModified\":\"2025-09-03T21:36:32+00:00\",\"breadcrumb\":{\"@id\":\"https:\\\/\\\/zohreana.com\\\/turbeler\\\/turbe-nedir-turbe-ne-demek\\\/#breadcrumb\"},\"inLanguage\":\"tr\",\"potentialAction\":[{\"@type\":\"ReadAction\",\"target\":[\"https:\\\/\\\/zohreana.com\\\/turbeler\\\/turbe-nedir-turbe-ne-demek\\\/\"]}]},{\"@type\":\"BreadcrumbList\",\"@id\":\"https:\\\/\\\/zohreana.com\\\/turbeler\\\/turbe-nedir-turbe-ne-demek\\\/#breadcrumb\",\"itemListElement\":[{\"@type\":\"ListItem\",\"position\":1,\"name\":\"Ana sayfa\",\"item\":\"https:\\\/\\\/zohreana.com\\\/turbeler\\\/\"},{\"@type\":\"ListItem\",\"position\":2,\"name\":\"T\u00fcrbe nedir, T\u00fcrbe ne demek?\"}]},{\"@type\":\"WebSite\",\"@id\":\"https:\\\/\\\/zohreana.com\\\/turbeler\\\/#website\",\"url\":\"https:\\\/\\\/zohreana.com\\\/turbeler\\\/\",\"name\":\"Pir Z\u00f6hre Ana T\u00fcrbeler\",\"description\":\"\",\"publisher\":{\"@id\":\"https:\\\/\\\/zohreana.com\\\/turbeler\\\/#organization\"},\"alternateName\":\"Pir Z\u00f6hre Ana T\u00fcrbeler\",\"potentialAction\":[{\"@type\":\"SearchAction\",\"target\":{\"@type\":\"EntryPoint\",\"urlTemplate\":\"https:\\\/\\\/zohreana.com\\\/turbeler\\\/?s={search_term_string}\"},\"query-input\":{\"@type\":\"PropertyValueSpecification\",\"valueRequired\":true,\"valueName\":\"search_term_string\"}}],\"inLanguage\":\"tr\"},{\"@type\":\"Organization\",\"@id\":\"https:\\\/\\\/zohreana.com\\\/turbeler\\\/#organization\",\"name\":\"Pir Z\u00f6hre Ana Cemevi\",\"alternateName\":\"Pir Z\u00f6hre Ana T\u00fcrbeler\",\"url\":\"https:\\\/\\\/zohreana.com\\\/turbeler\\\/\",\"logo\":{\"@type\":\"ImageObject\",\"inLanguage\":\"tr\",\"@id\":\"https:\\\/\\\/zohreana.com\\\/turbeler\\\/#\\\/schema\\\/logo\\\/image\\\/\",\"url\":\"https:\\\/\\\/zohreana.com\\\/turbeler\\\/wp-content\\\/uploads\\\/2025\\\/09\\\/za-logo.png.webp\",\"contentUrl\":\"https:\\\/\\\/zohreana.com\\\/turbeler\\\/wp-content\\\/uploads\\\/2025\\\/09\\\/za-logo.png.webp\",\"width\":273,\"height\":91,\"caption\":\"Pir Z\u00f6hre Ana Cemevi\"},\"image\":{\"@id\":\"https:\\\/\\\/zohreana.com\\\/turbeler\\\/#\\\/schema\\\/logo\\\/image\\\/\"},\"sameAs\":[\"https:\\\/\\\/www.facebook.com\\\/zohreana\",\"https:\\\/\\\/x.com\\\/zohreana\",\"https:\\\/\\\/www.instagram.com\\\/zohreana\"],\"description\":\"Pir Z\u00f6hre Ana T\u00fcrbeler sayfas\u0131 ile T\u00fcrkiye'de ve D\u00fcnya'da yer alan t\u00fcrbelerimizin ya\u015famlar\u0131n\u0131 ve konumlar\u0131n\u0131 sizlere ula\u015ft\u0131rmak istiyoruz.\",\"email\":\"zohreana@zohreana.com\",\"telephone\":\"03123696373\",\"legalName\":\"Pir Z\u00f6hre Ana\",\"foundingDate\":\"1997-03-15\",\"numberOfEmployees\":{\"@type\":\"QuantitativeValue\",\"minValue\":\"51\",\"maxValue\":\"200\"}}]}<\/script>\n<!-- \/ Yoast SEO Premium plugin. -->","yoast_head_json":{"title":"T\u00fcrbe nedir, T\u00fcrbe ne demek?","robots":{"index":"noindex","follow":"follow"},"og_locale":"tr_TR","og_type":"article","og_title":"T\u00fcrbe nedir, T\u00fcrbe ne demek?","og_description":"\u00d6ncelikle t\u00fcrbe nedir, t\u00fcrbe ne demek, t\u00fcrbe neden \u00f6nemlidir ve t\u00fcrbe ziyareti nas\u0131l yap\u0131l\u0131r bunun cevab\u0131n\u0131 verece\u011fiz. T\u00fcrbe i\u00e7inde yatan evliya ya\u015fad\u0131\u011f\u0131","og_url":"https:\/\/zohreana.com\/turbeler\/turbe-nedir-turbe-ne-demek\/","article_publisher":"https:\/\/www.facebook.com\/zohreana","article_modified_time":"2025-09-03T21:36:32+00:00","og_image":[{"width":1200,"height":630,"url":"https:\/\/zohreana.com\/turbeler\/wp-content\/uploads\/2025\/09\/pir-zohre-ana-turbesi-66.webp","type":"image\/webp"}],"twitter_card":"summary_large_image","twitter_site":"@zohreana","twitter_misc":{"Tahmini okuma s\u00fcresi":"2 dakika"},"schema":{"@context":"https:\/\/schema.org","@graph":[{"@type":"WebPage","@id":"https:\/\/zohreana.com\/turbeler\/turbe-nedir-turbe-ne-demek\/","url":"https:\/\/zohreana.com\/turbeler\/turbe-nedir-turbe-ne-demek\/","name":"T\u00fcrbe nedir, T\u00fcrbe ne demek?","isPartOf":{"@id":"https:\/\/zohreana.com\/turbeler\/#website"},"datePublished":"2021-08-20T11:51:45+00:00","dateModified":"2025-09-03T21:36:32+00:00","breadcrumb":{"@id":"https:\/\/zohreana.com\/turbeler\/turbe-nedir-turbe-ne-demek\/#breadcrumb"},"inLanguage":"tr","potentialAction":[{"@type":"ReadAction","target":["https:\/\/zohreana.com\/turbeler\/turbe-nedir-turbe-ne-demek\/"]}]},{"@type":"BreadcrumbList","@id":"https:\/\/zohreana.com\/turbeler\/turbe-nedir-turbe-ne-demek\/#breadcrumb","itemListElement":[{"@type":"ListItem","position":1,"name":"Ana sayfa","item":"https:\/\/zohreana.com\/turbeler\/"},{"@type":"ListItem","position":2,"name":"T\u00fcrbe nedir, T\u00fcrbe ne demek?"}]},{"@type":"WebSite","@id":"https:\/\/zohreana.com\/turbeler\/#website","url":"https:\/\/zohreana.com\/turbeler\/","name":"Pir Z\u00f6hre Ana T\u00fcrbeler","description":"","publisher":{"@id":"https:\/\/zohreana.com\/turbeler\/#organization"},"alternateName":"Pir Z\u00f6hre Ana T\u00fcrbeler","potentialAction":[{"@type":"SearchAction","target":{"@type":"EntryPoint","urlTemplate":"https:\/\/zohreana.com\/turbeler\/?s={search_term_string}"},"query-input":{"@type":"PropertyValueSpecification","valueRequired":true,"valueName":"search_term_string"}}],"inLanguage":"tr"},{"@type":"Organization","@id":"https:\/\/zohreana.com\/turbeler\/#organization","name":"Pir Z\u00f6hre Ana Cemevi","alternateName":"Pir Z\u00f6hre Ana T\u00fcrbeler","url":"https:\/\/zohreana.com\/turbeler\/","logo":{"@type":"ImageObject","inLanguage":"tr","@id":"https:\/\/zohreana.com\/turbeler\/#\/schema\/logo\/image\/","url":"https:\/\/zohreana.com\/turbeler\/wp-content\/uploads\/2025\/09\/za-logo.png.webp","contentUrl":"https:\/\/zohreana.com\/turbeler\/wp-content\/uploads\/2025\/09\/za-logo.png.webp","width":273,"height":91,"caption":"Pir Z\u00f6hre Ana Cemevi"},"image":{"@id":"https:\/\/zohreana.com\/turbeler\/#\/schema\/logo\/image\/"},"sameAs":["https:\/\/www.facebook.com\/zohreana","https:\/\/x.com\/zohreana","https:\/\/www.instagram.com\/zohreana"],"description":"Pir Z\u00f6hre Ana T\u00fcrbeler sayfas\u0131 ile T\u00fcrkiye'de ve D\u00fcnya'da yer alan t\u00fcrbelerimizin ya\u015famlar\u0131n\u0131 ve konumlar\u0131n\u0131 sizlere ula\u015ft\u0131rmak istiyoruz.","email":"zohreana@zohreana.com","telephone":"03123696373","legalName":"Pir Z\u00f6hre Ana","foundingDate":"1997-03-15","numberOfEmployees":{"@type":"QuantitativeValue","minValue":"51","maxValue":"200"}}]}},"_links":{"self":[{"href":"https:\/\/zohreana.com\/turbeler\/wp-json\/wp\/v2\/pages\/5447","targetHints":{"allow":["GET"]}}],"collection":[{"href":"https:\/\/zohreana.com\/turbeler\/wp-json\/wp\/v2\/pages"}],"about":[{"href":"https:\/\/zohreana.com\/turbeler\/wp-json\/wp\/v2\/types\/page"}],"author":[{"embeddable":true,"href":"https:\/\/zohreana.com\/turbeler\/wp-json\/wp\/v2\/users\/1"}],"replies":[{"embeddable":true,"href":"https:\/\/zohreana.com\/turbeler\/wp-json\/wp\/v2\/comments?post=5447"}],"version-history":[{"count":1,"href":"https:\/\/zohreana.com\/turbeler\/wp-json\/wp\/v2\/pages\/5447\/revisions"}],"predecessor-version":[{"id":15029,"href":"https:\/\/zohreana.com\/turbeler\/wp-json\/wp\/v2\/pages\/5447\/revisions\/15029"}],"wp:attachment":[{"href":"https:\/\/zohreana.com\/turbeler\/wp-json\/wp\/v2\/media?parent=5447"}],"curies":[{"name":"wp","href":"https:\/\/api.w.org\/{rel}","templated":true}]}}